{"id":79,"date":"2022-10-11T12:51:46","date_gmt":"2022-10-11T12:51:46","guid":{"rendered":"https:\/\/volleyball-neutraubling.de\/cms\/?page_id=79"},"modified":"2025-09-15T17:12:52","modified_gmt":"2025-09-15T17:12:52","slug":"damen-2","status":"publish","type":"page","link":"https:\/\/volleyball-neutraubling.de\/index.php\/damen-2\/","title":{"rendered":"Damen 2"},"content":{"rendered":"\n<p class=\"has-vivid-red-color has-text-color has-medium-font-size\" style=\"font-style:normal;font-weight:700\">Landesliga<\/p>\n\n\n\n<figure class=\"wp-block-gallery has-nested-images columns-default is-cropped wp-block-gallery-1 is-layout-flex wp-block-gallery-is-layout-flex\">\n<figure class=\"wp-block-image size-full\"><img loading=\"lazy\" decoding=\"async\" width=\"1104\" height=\"815\" data-id=\"790\" src=\"https:\/\/volleyball-neutraubling.de\/wp-content\/uploads\/2024\/11\/3140e96d-0c9e-43a5-a33b-508523f07a54-002.jpg\" alt=\"\" class=\"wp-image-790\" srcset=\"https:\/\/volleyball-neutraubling.de\/wp-content\/uploads\/2024\/11\/3140e96d-0c9e-43a5-a33b-508523f07a54-002.jpg 1104w, https:\/\/volleyball-neutraubling.de\/wp-content\/uploads\/2024\/11\/3140e96d-0c9e-43a5-a33b-508523f07a54-002-300x221.jpg 300w, https:\/\/volleyball-neutraubling.de\/wp-content\/uploads\/2024\/11\/3140e96d-0c9e-43a5-a33b-508523f07a54-002-1024x756.jpg 1024w, https:\/\/volleyball-neutraubling.de\/wp-content\/uploads\/2024\/11\/3140e96d-0c9e-43a5-a33b-508523f07a54-002-768x567.jpg 768w\" sizes=\"auto, (max-width: 1104px) 100vw, 1104px\" \/><\/figure>\n<\/figure>\n\n\n\n<p class=\"has-black-color has-text-color\">Die Damen 2 des TSV Neutraubling treten dieses Jahr zum zweiten Mal in der Bezirksliga Oberpfalz an.<\/p>\n\n\n\n<p>Nach einer erfolgreichen Vorbereitungsphase verlief der Saisonstart etwas holprig mit drei Niederlagen. Doch das Team l\u00e4sst sich davon nicht entmutigen und wird weiterhin von Spiel zu Spiel um jeden Punkt k\u00e4mpfen.<\/p>\n\n\n\n<p>Auch in dieser Saison konnte der TSV Neutraubling viele neue Spielerinnen begr\u00fc\u00dfen, die das Team tatkr\u00e4ftig unterst\u00fctzen. Damit pr\u00e4sentiert sich die Damen 2 als komplett neuformierte Mannschaft, in der viele Spielerinnen zum ersten Mal auf diesem Niveau antreten. Bei Bedarf wird das Team von erfahrenen Spielerinnen verst\u00e4rkt, um den jungen Talenten zus\u00e4tzliche Sicherheit zu geben.<\/p>\n\n\n\n<p>Das Ziel f\u00fcr die Saison ist der Klassenerhalt \u2013 eine herausfordernde Aufgabe in einer Liga, die von vielen routinierten Teams dominiert wird. Doch unsere Damen 2 wird sich Schritt f\u00fcr Schritt in die Liga einfinden.<\/p>\n\n\n\n<p class=\"has-black-color has-text-color\">Wir w\u00fcnschen dem Team viel Erfolg und eine spannende Saison!<\/p>\n\n\n\n<h3 class=\"wp-block-heading\">Kontakt:<\/h3>\n\n\n\n<figure class=\"wp-block-table\"><table><tbody><tr><td><strong>Trainer:<\/strong><\/td><td><\/td><td>Regina Nganaba<\/td><\/tr><tr><td><strong>E-mail:<\/strong><\/td><td><\/td><td>reginanganaba@yahoo.com<\/td><\/tr><\/tbody><\/table><\/figure>\n\n\n\n<h3 class=\"wp-block-heading\">Trainigszeiten:<\/h3>\n\n\n\n<figure class=\"wp-block-table\"><table><tbody><tr><td><strong>Montag<\/strong><\/td><td>19:00 Uhr &#8211; 21:00 Uhr<\/td><td>Gymnasium Dreifachhalle<\/td><\/tr><tr><td><strong>Mittwoch<\/strong><\/td><td>19:00 Uhr &#8211; 21:00 Uhr<\/td><td>Mittelschule Dreifachhalle<\/td><\/tr><\/tbody><\/table><\/figure>\n\n\n\n<div class=\"su-accordion su-u-trim\"><div class=\"su-spoiler su-spoiler-style-default su-spoiler-icon-plus su-spoiler-closed\" data-scroll-offset=\"0\" data-anchor-in-url=\"no\"><div class=\"su-spoiler-title\" tabindex=\"0\" role=\"button\"><span class=\"su-spoiler-icon\"><\/span>Spielplan und Tabelle<\/div><div class=\"su-spoiler-content su-u-clearfix su-u-trim\"> \n<div style=\"overflow-x:auto;\">\n                <h4>Spielplan<\/h4>\n                <div class=\"vapi\" data-wettbewerb=6c9e0fca-bade-460b-b403-4ad05706cc0d  data-typ=\"spiele\"  data-vapi-teams=\"[26f1d3e5-cffd-42f8-bdf0-244284bc0072]\" data-vapi-teamfilter=\"[26f1d3e5-cffd-42f8-bdf0-244284bc0072]\"><\/div>\n            <\/div>\n            <div style=\"overflow-x:auto;margin-top:1em;\">\n                <h4>Tabelle<\/h4>\n                <div class=\"vapi vapiclass\" data-wettbewerb=\"6c9e0fca-bade-460b-b403-4ad05706cc0d\"  data-typ=\"tabelle\"  data-vapi-spaltenset=\"default\"><\/div>\n            <\/div>\n<\/div><\/div><\/div>\n\n\n\n<p><\/p>\n","protected":false},"excerpt":{"rendered":"<p>Landesliga Die Damen 2 des TSV Neutraubling treten dieses Jahr zum zweiten Mal in der [&hellip;]<\/p>\n","protected":false},"author":1,"featured_media":0,"parent":0,"menu_order":0,"comment_status":"closed","ping_status":"closed","template":"","meta":{"footnotes":""},"class_list":["post-79","page","type-page","status-publish","hentry"],"_links":{"self":[{"href":"https:\/\/volleyball-neutraubling.de\/index.php\/wp-json\/wp\/v2\/pages\/79","targetHints":{"allow":["GET"]}}],"collection":[{"href":"https:\/\/volleyball-neutraubling.de\/index.php\/wp-json\/wp\/v2\/pages"}],"about":[{"href":"https:\/\/volleyball-neutraubling.de\/index.php\/wp-json\/wp\/v2\/types\/page"}],"author":[{"embeddable":true,"href":"https:\/\/volleyball-neutraubling.de\/index.php\/wp-json\/wp\/v2\/users\/1"}],"replies":[{"embeddable":true,"href":"https:\/\/volleyball-neutraubling.de\/index.php\/wp-json\/wp\/v2\/comments?post=79"}],"version-history":[{"count":29,"href":"https:\/\/volleyball-neutraubling.de\/index.php\/wp-json\/wp\/v2\/pages\/79\/revisions"}],"predecessor-version":[{"id":989,"href":"https:\/\/volleyball-neutraubling.de\/index.php\/wp-json\/wp\/v2\/pages\/79\/revisions\/989"}],"wp:attachment":[{"href":"https:\/\/volleyball-neutraubling.de\/index.php\/wp-json\/wp\/v2\/media?parent=79"}],"curies":[{"name":"wp","href":"https:\/\/api.w.org\/{rel}","templated":true}]}}