{"id":75,"date":"2022-10-11T12:51:13","date_gmt":"2022-10-11T12:51:13","guid":{"rendered":"https:\/\/volleyball-neutraubling.de\/cms\/?page_id=75"},"modified":"2025-09-12T13:40:09","modified_gmt":"2025-09-12T13:40:09","slug":"u16","status":"publish","type":"page","link":"https:\/\/volleyball-neutraubling.de\/index.php\/u16\/","title":{"rendered":"U16"},"content":{"rendered":"\n<p><strong><mark style=\"background-color:rgba(0, 0, 0, 0)\" class=\"has-inline-color has-vivid-red-color\">Jugend U16<\/mark><\/strong><\/p>\n\n\n\n<figure class=\"wp-block-image size-large\"><img loading=\"lazy\" decoding=\"async\" width=\"1024\" height=\"911\" src=\"https:\/\/volleyball-neutraubling.de\/wp-content\/uploads\/2023\/10\/u16-1024x911.jpg\" alt=\"\" class=\"wp-image-484\" srcset=\"https:\/\/volleyball-neutraubling.de\/wp-content\/uploads\/2023\/10\/u16-1024x911.jpg 1024w, https:\/\/volleyball-neutraubling.de\/wp-content\/uploads\/2023\/10\/u16-300x267.jpg 300w, https:\/\/volleyball-neutraubling.de\/wp-content\/uploads\/2023\/10\/u16-768x684.jpg 768w, https:\/\/volleyball-neutraubling.de\/wp-content\/uploads\/2023\/10\/u16-1536x1367.jpg 1536w, https:\/\/volleyball-neutraubling.de\/wp-content\/uploads\/2023\/10\/u16.jpg 1600w\" sizes=\"auto, (max-width: 1024px) 100vw, 1024px\" \/><\/figure>\n\n\n\n<p>Die M\u00e4dels aus der U16 schnuppern schon am Erwachsenen-Volleyball. Immerhin spielen sie schon zu sechst aufs Gro\u00dffeld. Bei Ihnen steht nach wie vor der Spa\u00df im Vordergrund, schlie\u00dflich muss in dieser Saison erstmal die Umstellung vom Kleinfeld aufs Normalfeld erfolgen. Da gibts viel zu tun.<\/p>\n\n\n\n<h3 class=\"wp-block-heading\">Kontakt:<\/h3>\n\n\n\n<figure class=\"wp-block-table\"><table><tbody><tr><td><strong>Trainer:<\/strong><\/td><td><\/td><td>Ivanka Riedl<\/td><\/tr><tr><td><strong>E-mail:<\/strong><\/td><td><\/td><td><a href=\"mailto:iva@navios.de\">iva@navios.de<\/a><\/td><\/tr><\/tbody><\/table><\/figure>\n\n\n\n<h3 class=\"wp-block-heading\">Trainigszeiten:<\/h3>\n\n\n\n<figure class=\"wp-block-table\"><table><tbody><tr><td><strong>Montag<\/strong><\/td><td>16:30 Uhr &#8211; 18:00 Uhr<\/td><td>Gymnasium Dreifachhalle<\/td><\/tr><tr><td><strong>Freitag<\/strong><\/td><td>18:00 Uhr &#8211; 20:00 Uhr<\/td><td>Gymnasium Einfachhalle<\/td><\/tr><\/tbody><\/table><\/figure>\n\n\n\n<div class=\"su-accordion su-u-trim\"><div class=\"su-spoiler su-spoiler-style-default su-spoiler-icon-plus su-spoiler-closed\" data-scroll-offset=\"0\" data-anchor-in-url=\"no\"><div class=\"su-spoiler-title\" tabindex=\"0\" role=\"button\"><span class=\"su-spoiler-icon\"><\/span>Spielplan und Tabelle<\/div><div class=\"su-spoiler-content su-u-clearfix su-u-trim\"> \n<div style=\"overflow-x:auto;\">\n                <h4>Spielplan<\/h4>\n                <div class=\"vapi\" data-wettbewerb=410535d8-af17-45c4-ae95-d40c21ccd914  data-typ=\"spiele\"  data-vapi-teams=\"[33de09c6-f25b-4d13-8956-83476e53c1f7]\" data-vapi-teamfilter=\"[33de09c6-f25b-4d13-8956-83476e53c1f7]\"><\/div>\n            <\/div>\n            <div style=\"overflow-x:auto;margin-top:1em;\">\n                <h4>Tabelle<\/h4>\n                <div class=\"vapi vapiclass\" data-wettbewerb=\"410535d8-af17-45c4-ae95-d40c21ccd914\"  data-typ=\"tabelle\"  data-vapi-spaltenset=\"default\"><\/div>\n            <\/div>\n<\/div><\/div><\/div>\n\n\n\n<p><\/p>\n","protected":false},"excerpt":{"rendered":"<p>Jugend U16 Die M\u00e4dels aus der U16 schnuppern schon am Erwachsenen-Volleyball. Immerhin spielen sie schon [&hellip;]<\/p>\n","protected":false},"author":1,"featured_media":0,"parent":0,"menu_order":0,"comment_status":"closed","ping_status":"closed","template":"","meta":{"footnotes":""},"class_list":["post-75","page","type-page","status-publish","hentry"],"_links":{"self":[{"href":"https:\/\/volleyball-neutraubling.de\/index.php\/wp-json\/wp\/v2\/pages\/75","targetHints":{"allow":["GET"]}}],"collection":[{"href":"https:\/\/volleyball-neutraubling.de\/index.php\/wp-json\/wp\/v2\/pages"}],"about":[{"href":"https:\/\/volleyball-neutraubling.de\/index.php\/wp-json\/wp\/v2\/types\/page"}],"author":[{"embeddable":true,"href":"https:\/\/volleyball-neutraubling.de\/index.php\/wp-json\/wp\/v2\/users\/1"}],"replies":[{"embeddable":true,"href":"https:\/\/volleyball-neutraubling.de\/index.php\/wp-json\/wp\/v2\/comments?post=75"}],"version-history":[{"count":15,"href":"https:\/\/volleyball-neutraubling.de\/index.php\/wp-json\/wp\/v2\/pages\/75\/revisions"}],"predecessor-version":[{"id":969,"href":"https:\/\/volleyball-neutraubling.de\/index.php\/wp-json\/wp\/v2\/pages\/75\/revisions\/969"}],"wp:attachment":[{"href":"https:\/\/volleyball-neutraubling.de\/index.php\/wp-json\/wp\/v2\/media?parent=75"}],"curies":[{"name":"wp","href":"https:\/\/api.w.org\/{rel}","templated":true}]}}