{"id":69,"date":"2022-10-11T12:50:37","date_gmt":"2022-10-11T12:50:37","guid":{"rendered":"https:\/\/volleyball-neutraubling.de\/cms\/?page_id=69"},"modified":"2025-09-12T13:43:38","modified_gmt":"2025-09-12T13:43:38","slug":"u12","status":"publish","type":"page","link":"https:\/\/volleyball-neutraubling.de\/index.php\/u12\/","title":{"rendered":"U13 und j\u00fcnger"},"content":{"rendered":"\n<p><strong><mark style=\"background-color:rgba(0, 0, 0, 0)\" class=\"has-inline-color has-vivid-red-color\">Jugend U1<\/mark><\/strong><mark style=\"background-color:rgba(0, 0, 0, 0)\" class=\"has-inline-color has-vivid-red-color\"><strong>1 bis U13<\/strong><\/mark><\/p>\n\n\n\n<figure class=\"wp-block-image size-full\"><img loading=\"lazy\" decoding=\"async\" width=\"640\" height=\"640\" src=\"https:\/\/volleyball-neutraubling.de\/wp-content\/uploads\/2024\/11\/d16c816b-759d-4f8f-8c64-f0ea938259db.jpg\" alt=\"\" class=\"wp-image-776\" srcset=\"https:\/\/volleyball-neutraubling.de\/wp-content\/uploads\/2024\/11\/d16c816b-759d-4f8f-8c64-f0ea938259db.jpg 640w, https:\/\/volleyball-neutraubling.de\/wp-content\/uploads\/2024\/11\/d16c816b-759d-4f8f-8c64-f0ea938259db-300x300.jpg 300w, https:\/\/volleyball-neutraubling.de\/wp-content\/uploads\/2024\/11\/d16c816b-759d-4f8f-8c64-f0ea938259db-150x150.jpg 150w\" sizes=\"auto, (max-width: 640px) 100vw, 640px\" \/><\/figure>\n\n\n\n<p>Fr\u00fch \u00fcbt sich! Das ist ganz klar der Leitspruch unserer J\u00fcngsten. Ob im Training, oder auf den Jugendrunden, im Spiel 2 gegen 2  und 3 gegen 3 erlernen unsere J\u00fcngsten mit viel Spass das Volleyballspielen.<\/p>\n\n\n\n<h3 class=\"wp-block-heading\">Kontakt<\/h3>\n\n\n\n<figure class=\"wp-block-table\"><table><tbody><tr><td><strong>Trainer:<\/strong><\/td><td><\/td><td>Michelle Kronfeldner<\/td><\/tr><tr><td><strong>E-mail:<\/strong><\/td><td><\/td><td><a href=\"mailto:michelle.kronfeldner@gmail.com\">michelle.kronfeldner@gmail.com<\/a><\/td><\/tr><tr><td><strong>Trainer:<\/strong><\/td><td><\/td><td>Chayenne Wache<\/td><\/tr><tr><td><strong>E-mail:<\/strong><\/td><td><\/td><td>chayenne.wache@gmx.net<\/td><\/tr><\/tbody><\/table><\/figure>\n\n\n\n<h3 class=\"wp-block-heading\">Trainigszeiten<\/h3>\n\n\n\n<figure class=\"wp-block-table\"><table><tbody><tr><td><strong>Dienstag<\/strong><\/td><td>17:30 Uhr &#8211; 19:00 Uhr<\/td><td>Gymnasium Einfachhalle<\/td><\/tr><tr><td><strong>Donnerstag<\/strong><\/td><td>17:30 Uhr &#8211; 19:00 Uhr<\/td><td>Mittelschule Dreifachhalle<\/td><\/tr><\/tbody><\/table><\/figure>\n\n\n\n<div class=\"su-accordion su-u-trim\"><div class=\"su-spoiler su-spoiler-style-default su-spoiler-icon-plus su-spoiler-closed\" data-scroll-offset=\"0\" data-anchor-in-url=\"no\"><div class=\"su-spoiler-title\" tabindex=\"0\" role=\"button\"><span class=\"su-spoiler-icon\"><\/span>Spielplan und Tabelle<\/div><div class=\"su-spoiler-content su-u-clearfix su-u-trim\"> \n<div style=\"overflow-x:auto;\">\n                <h4>Spielplan<\/h4>\n                <div class=\"vapi\" data-wettbewerb=054b6f79-fe49-43c1-88bd-03dced9391d7  data-typ=\"spiele\"  data-vapi-teams=\"[c64a47d1-9f1c-41a2-a4fa-4c596ebe6e0d]\" data-vapi-teamfilter=\"[c64a47d1-9f1c-41a2-a4fa-4c596ebe6e0d]\"><\/div>\n            <\/div>\n            <div style=\"overflow-x:auto;margin-top:1em;\">\n                <h4>Tabelle<\/h4>\n                <div class=\"vapi vapiclass\" data-wettbewerb=\"054b6f79-fe49-43c1-88bd-03dced9391d7\"  data-typ=\"tabelle\"  data-vapi-spaltenset=\"default\"><\/div>\n            <\/div>\n<\/div><\/div><\/div>\n\n\n\n\n<p><\/p>\n","protected":false},"excerpt":{"rendered":"<p>Jugend U11 bis U13 Fr\u00fch \u00fcbt sich! Das ist ganz klar der Leitspruch unserer J\u00fcngsten. [&hellip;]<\/p>\n","protected":false},"author":1,"featured_media":0,"parent":0,"menu_order":0,"comment_status":"closed","ping_status":"closed","template":"","meta":{"footnotes":""},"class_list":["post-69","page","type-page","status-publish","hentry"],"_links":{"self":[{"href":"https:\/\/volleyball-neutraubling.de\/index.php\/wp-json\/wp\/v2\/pages\/69","targetHints":{"allow":["GET"]}}],"collection":[{"href":"https:\/\/volleyball-neutraubling.de\/index.php\/wp-json\/wp\/v2\/pages"}],"about":[{"href":"https:\/\/volleyball-neutraubling.de\/index.php\/wp-json\/wp\/v2\/types\/page"}],"author":[{"embeddable":true,"href":"https:\/\/volleyball-neutraubling.de\/index.php\/wp-json\/wp\/v2\/users\/1"}],"replies":[{"embeddable":true,"href":"https:\/\/volleyball-neutraubling.de\/index.php\/wp-json\/wp\/v2\/comments?post=69"}],"version-history":[{"count":16,"href":"https:\/\/volleyball-neutraubling.de\/index.php\/wp-json\/wp\/v2\/pages\/69\/revisions"}],"predecessor-version":[{"id":973,"href":"https:\/\/volleyball-neutraubling.de\/index.php\/wp-json\/wp\/v2\/pages\/69\/revisions\/973"}],"wp:attachment":[{"href":"https:\/\/volleyball-neutraubling.de\/index.php\/wp-json\/wp\/v2\/media?parent=69"}],"curies":[{"name":"wp","href":"https:\/\/api.w.org\/{rel}","templated":true}]}}