{"id":321,"date":"2023-10-13T09:04:15","date_gmt":"2023-10-13T09:04:15","guid":{"rendered":"https:\/\/volleyball-neutraubling.de\/?page_id=321"},"modified":"2025-10-22T17:14:15","modified_gmt":"2025-10-22T17:14:15","slug":"u20-u18","status":"publish","type":"page","link":"https:\/\/volleyball-neutraubling.de\/index.php\/u20-u18\/","title":{"rendered":"U20\/U18"},"content":{"rendered":"\n<p><strong><mark style=\"background-color:rgba(0, 0, 0, 0)\" class=\"has-inline-color has-vivid-red-color\">Jugend U20\/U18<\/mark><\/strong><\/p>\n\n\n\n<figure class=\"wp-block-image size-large\"><img loading=\"lazy\" decoding=\"async\" width=\"1024\" height=\"768\" src=\"https:\/\/volleyball-neutraubling.de\/wp-content\/uploads\/2025\/10\/IMG-20250917-WA0006-1024x768.jpg\" alt=\"\" class=\"wp-image-1036\" srcset=\"https:\/\/volleyball-neutraubling.de\/wp-content\/uploads\/2025\/10\/IMG-20250917-WA0006-1024x768.jpg 1024w, https:\/\/volleyball-neutraubling.de\/wp-content\/uploads\/2025\/10\/IMG-20250917-WA0006-300x225.jpg 300w, https:\/\/volleyball-neutraubling.de\/wp-content\/uploads\/2025\/10\/IMG-20250917-WA0006-768x576.jpg 768w, https:\/\/volleyball-neutraubling.de\/wp-content\/uploads\/2025\/10\/IMG-20250917-WA0006-1536x1152.jpg 1536w, https:\/\/volleyball-neutraubling.de\/wp-content\/uploads\/2025\/10\/IMG-20250917-WA0006.jpg 2048w\" sizes=\"auto, (max-width: 1024px) 100vw, 1024px\" \/><\/figure>\n\n\n\n<p>U18 \u2013 Teamgeist &amp; Leidenschaft<br>In unserer U18 spielen motivierte M\u00e4dels mit echter Begeisterung f\u00fcr Volleyball. Hier geht es um mehr als nur den Sport: Freundschaften entstehen, Teamgeist wird gro\u00dfgeschrieben und jeder kann sich ausprobieren und weiterentwickeln.<br>Mit Spa\u00df, Ehrgeiz und Zusammenhalt wachsen wir als Team \u2013 auf und neben dem Feld.<\/p>\n\n\n\n<h3 class=\"wp-block-heading\">Kontakt:<\/h3>\n\n\n\n<figure class=\"wp-block-table\"><table><tbody><tr><td><strong>Trainer: <\/strong><\/td><td>Ivanka Riedl<\/td><\/tr><tr><td><strong>E-mail:<\/strong><\/td><td><a href=\"mailto:iva@navios.de\">iva@navios.de<\/a><\/td><\/tr><tr><td><strong>Trainer:<\/strong><\/td><td>Regina Nganaba<\/td><\/tr><tr><td><strong>E-mail:<\/strong><\/td><td><a href=\"mailto:reginanganaba@yahoo.com\">reginanganaba@yahoo.com<\/a><\/td><\/tr><\/tbody><\/table><\/figure>\n\n\n\n<h3 class=\"wp-block-heading\">Trainingszeiten:<\/h3>\n\n\n\n<figure class=\"wp-block-table\"><table><tbody><tr><td><strong>Montag<\/strong><\/td><td>16:30 Uhr &#8211; 18:00 Uhr<\/td><td>Gymnasium Dreifachhalle<\/td><\/tr><tr><td><strong>Freitag<\/strong><\/td><td>18:00 Uhr &#8211; 20:00 Uhr<\/td><td>Gymnasium Einfachhalle<\/td><\/tr><\/tbody><\/table><\/figure>\n\n\n\n<div class=\"su-accordion su-u-trim\"><div class=\"su-spoiler su-spoiler-style-default su-spoiler-icon-plus su-spoiler-closed\" data-scroll-offset=\"0\" data-anchor-in-url=\"no\"><div class=\"su-spoiler-title\" tabindex=\"0\" role=\"button\"><span class=\"su-spoiler-icon\"><\/span>Spielplan und Tabelle<\/div><div class=\"su-spoiler-content su-u-clearfix su-u-trim\"> \n<div style=\"overflow-x:auto;\">\n                <h4>Spielplan<\/h4>\n                <div class=\"vapi\" data-wettbewerb=2d31b106-2a6d-4bef-9214-3ee0616b1346  data-typ=\"spiele\"  data-vapi-teams=\"[9d870872-4634-4ddb-b8a7-220d89b744d0]\" data-vapi-teamfilter=\"[9d870872-4634-4ddb-b8a7-220d89b744d0]\"><\/div>\n            <\/div>\n            <div style=\"overflow-x:auto;margin-top:1em;\">\n                <h4>Tabelle<\/h4>\n                <div class=\"vapi vapiclass\" data-wettbewerb=\"2d31b106-2a6d-4bef-9214-3ee0616b1346\"  data-typ=\"tabelle\"  data-vapi-spaltenset=\"default\"><\/div>\n            <\/div>\n<\/div><\/div><\/div>\n\n\n\n<p><\/p>\n","protected":false},"excerpt":{"rendered":"<p>Jugend U20\/U18 U18 \u2013 Teamgeist &amp; LeidenschaftIn unserer U18 spielen motivierte M\u00e4dels mit echter Begeisterung [&hellip;]<\/p>\n","protected":false},"author":1,"featured_media":0,"parent":0,"menu_order":0,"comment_status":"closed","ping_status":"closed","template":"","meta":{"footnotes":""},"class_list":["post-321","page","type-page","status-publish","hentry"],"_links":{"self":[{"href":"https:\/\/volleyball-neutraubling.de\/index.php\/wp-json\/wp\/v2\/pages\/321","targetHints":{"allow":["GET"]}}],"collection":[{"href":"https:\/\/volleyball-neutraubling.de\/index.php\/wp-json\/wp\/v2\/pages"}],"about":[{"href":"https:\/\/volleyball-neutraubling.de\/index.php\/wp-json\/wp\/v2\/types\/page"}],"author":[{"embeddable":true,"href":"https:\/\/volleyball-neutraubling.de\/index.php\/wp-json\/wp\/v2\/users\/1"}],"replies":[{"embeddable":true,"href":"https:\/\/volleyball-neutraubling.de\/index.php\/wp-json\/wp\/v2\/comments?post=321"}],"version-history":[{"count":21,"href":"https:\/\/volleyball-neutraubling.de\/index.php\/wp-json\/wp\/v2\/pages\/321\/revisions"}],"predecessor-version":[{"id":1037,"href":"https:\/\/volleyball-neutraubling.de\/index.php\/wp-json\/wp\/v2\/pages\/321\/revisions\/1037"}],"wp:attachment":[{"href":"https:\/\/volleyball-neutraubling.de\/index.php\/wp-json\/wp\/v2\/media?parent=321"}],"curies":[{"name":"wp","href":"https:\/\/api.w.org\/{rel}","templated":true}]}}